{"id":2241,"date":"2018-04-19T11:22:39","date_gmt":"2018-04-19T11:22:39","guid":{"rendered":"http:\/\/wordpress.magikthemes.com\/creta\/?page_id=2241"},"modified":"2024-04-15T18:51:51","modified_gmt":"2024-04-15T18:51:51","slug":"contact-us","status":"publish","type":"page","link":"https:\/\/fleurs-guadeloupe.com\/index.php\/contact-us\/","title":{"rendered":"Contact"},"content":{"rendered":"<div class=\"col-sm-6 col-xs-12 address-box\">\n<h3 class=\"block-heading\">Contactez-Nous<\/h3>\n<p class=\"u-push-bottom@2\">Nous sommes tr\u00e8s accessibles et serions ravis de prendre votre commande. N&#8217;h\u00e9sitez pas \u00e0 nous appeler, \u00e0 nous envoyer un e-mail, \u00e0 nous suivre suivre sur les r\u00e9seaux sociaux ou simplement \u00e0 remplir le formulaire de demande.<\/p>\n<div class=\"info\">\n<div class=\"icon-box\"> <\/div>\n<div class=\"description\">\n<h4 class=\"info-title\"><span style=\"color: #e62263;\"><strong>Adresse :<\/strong><\/span><\/h4>\n<p>01 Avenue Patrick Saint-\u00e9loi<br \/>Anciennement Rond Point Miquel<br \/>97142 ABYMES<\/p>\n<\/div>\n<\/div>\n<div class=\"info\">\n<div class=\"icon-box\"> <\/div>\n<div class=\"description\">\n<h4 class=\"info-title\"><span style=\"color: #128e49;\"><strong>Appelez-Nous<\/strong><\/span><\/h4>\n<p>Tel.    0590 85 12 01 <br \/>Tel.    0690 65 11 64<\/p>\n<h4><span style=\"color: #000000;\"><strong>MILFLEURS<\/strong><\/span><br \/>0590  48 01 99<\/h4>\n<p>Lun-Ven: 8h30 &#8211; 18h00<br \/>Sam: 8h30 &#8211; 13h00<br \/>P\u00e9riode sp\u00e9ciale nous contacter<\/p>\n<h4><span style=\"color: #000000;\"><strong>MAGASIN DE POINTE-A-PITRE<\/strong><\/span><br \/>01 Avenue Patrick SAINT-ELOI<\/h4>\n<h4><span style=\"color: #000000;\"><strong>MAGASIN DE JARRY<\/strong><\/span><br \/>Imm West Side, 19 Rue Ferdinand Forest<\/h4>\n<h4><span style=\"color: #000000;\"><strong>MAGASIN DE BASSE-TERRE<\/strong><\/span><br \/>01 Champ d&#8217;Arbaud<br \/><br \/><strong>T\u00e9l\u00e9phones POINTE-A-PITRE :<\/strong> <br \/>0590 85 12 01 &#8211; 0590 48 01 99 &#8211;  0690 65 11 64<br \/><br \/><strong>T\u00e9l\u00e9phones JARRY :<\/strong><br \/>0590 32 48 64 &#8211; 0690 50 10 91<br \/><br \/><strong>T\u00e9l\u00e9phones BASSE-TERRE<\/strong><br \/>0590 26 34 97 &#8211; 0690 40 67 71<br \/><br \/><\/h4>\n<h4><span style=\"color: #9bcd2f;\"><strong>Support Email<\/strong><\/span><br \/><a href=\"mailto:milfleurs@orange.fr\" target=\"_blank\" rel=\"noopener\"><span style=\"color: #000000;\"><u>milfleurs@orange.fr<\/u><\/span><\/a><\/h4>\n<\/div>\n<\/div>\n<\/div>\n<div class=\"col-sm-6 col-xs-12 contact-box\">\n<h3 class=\"block-heading\">Envoyer vos messages :<\/h3>\n\n<div class=\"wpcf7 no-js\" id=\"wpcf7-f4-o1\" lang=\"fr-FR\" dir=\"ltr\" data-wpcf7-id=\"4\">\n<div class=\"screen-reader-response\"><p role=\"status\" aria-live=\"polite\" aria-atomic=\"true\"><\/p> <ul><\/ul><\/div>\n<form action=\"\/index.php\/wp-json\/wp\/v2\/pages\/2241#wpcf7-f4-o1\" method=\"post\" class=\"wpcf7-form init\" aria-label=\"Formulaire de contact\" novalidate=\"novalidate\" data-status=\"init\">\n<fieldset class=\"hidden-fields-container\"><input type=\"hidden\" name=\"_wpcf7\" value=\"4\" \/><input type=\"hidden\" name=\"_wpcf7_version\" value=\"6.1.4\" \/><input type=\"hidden\" name=\"_wpcf7_locale\" value=\"fr_FR\" \/><input type=\"hidden\" name=\"_wpcf7_unit_tag\" value=\"wpcf7-f4-o1\" \/><input type=\"hidden\" name=\"_wpcf7_container_post\" value=\"0\" \/><input type=\"hidden\" name=\"_wpcf7_posted_data_hash\" value=\"\" \/>\n<\/fieldset>\n<p><label> Votre nom<br \/>\n<span class=\"wpcf7-form-control-wrap\" data-name=\"your-name\"><input size=\"40\" maxlength=\"400\" class=\"wpcf7-form-control wpcf7-text wpcf7-validates-as-required\" autocomplete=\"name\" aria-required=\"true\" aria-invalid=\"false\" value=\"\" type=\"text\" name=\"your-name\" \/><\/span> <\/label>\n<\/p>\n<p><label> Votre e-mail<br \/>\n<span class=\"wpcf7-form-control-wrap\" data-name=\"your-email\"><input size=\"40\" maxlength=\"400\" class=\"wpcf7-form-control wpcf7-email wpcf7-validates-as-required wpcf7-text wpcf7-validates-as-email\" autocomplete=\"email\" aria-required=\"true\" aria-invalid=\"false\" value=\"\" type=\"email\" name=\"your-email\" \/><\/span> <\/label>\n<\/p>\n<p><label> Objet<br \/>\n<span class=\"wpcf7-form-control-wrap\" data-name=\"your-subject\"><input size=\"40\" maxlength=\"400\" class=\"wpcf7-form-control wpcf7-text wpcf7-validates-as-required\" aria-required=\"true\" aria-invalid=\"false\" value=\"\" type=\"text\" name=\"your-subject\" \/><\/span> <\/label>\n<\/p>\n<p><label> Votre message (facultatif)<br \/>\n<span class=\"wpcf7-form-control-wrap\" data-name=\"your-message\"><textarea cols=\"40\" rows=\"10\" maxlength=\"2000\" class=\"wpcf7-form-control wpcf7-textarea\" aria-invalid=\"false\" name=\"your-message\"><\/textarea><\/span> <\/label>\n<\/p>\n<p><input class=\"wpcf7-form-control wpcf7-submit has-spinner\" type=\"submit\" value=\"Envoyer\" \/>\n<\/p><div class=\"wpcf7-response-output\" aria-hidden=\"true\"><\/div>\n<\/form>\n<\/div>\n\n<\/div>\n\n\n<div style=\"height:53px\" aria-hidden=\"true\" class=\"wp-block-spacer\"><\/div>\n\n\n\n<figure class=\"wp-block-table\"><table width=\"1457\"><tbody><tr><td width=\"479\"><strong>MAGASIN DE JARRY<\/strong><\/td><td width=\"482\"><strong>MAGASIN DE POINTE-A-PITRE <\/strong>        <\/td><td width=\"480\"><strong>MAGASIN DE BASSE-TERRE<\/strong><\/td><\/tr><tr><td>Imm West Side, 19 Rue Ferdinand Forest<\/td><td>01 Avenue Patrick SAINT-ELOI      <\/td><td>01 Champ d&#8217;Arbaud<\/td><\/tr><\/tbody><\/table>\n  <br>\n  <img loading=\"lazy\" decoding=\"async\" src=\"https:\/\/fleurs-guadeloupe.com\/wp-content\/uploads\/2024\/04\/NEW3cartesGooglemilfleurs.jpg\" width=\"1457\" height=\"590\" alt=\"\"\/><\/figure>\n\n","protected":false},"excerpt":{"rendered":"<p>Contactez-Nous Nous sommes tr\u00e8s accessibles et serions ravis de prendre votre commande. N&#8217;h\u00e9sitez pas \u00e0 nous appeler, \u00e0 nous envoyer un e-mail, \u00e0 nous suivre suivre sur les r\u00e9seaux sociaux ou simplement \u00e0 remplir le formulaire de demande. Adresse : 01 Avenue Patrick Saint-\u00e9loiAnciennement Rond Point Miquel97142 ABYMES Appelez-Nous Tel. 0590 85 12 01 Tel. [&hellip;]<\/p>\n","protected":false},"author":1,"featured_media":2775,"parent":0,"menu_order":0,"comment_status":"closed","ping_status":"closed","template":"","meta":{"om_disable_all_campaigns":false,"_uag_custom_page_level_css":"","_monsterinsights_skip_tracking":false,"_monsterinsights_sitenote_active":false,"_monsterinsights_sitenote_note":"","_monsterinsights_sitenote_category":0,"_uf_show_specific_survey":0,"_uf_disable_surveys":false,"footnotes":""},"class_list":["post-2241","page","type-page","status-publish","has-post-thumbnail","hentry","notblog"],"aioseo_notices":[],"uagb_featured_image_src":{"full":["https:\/\/fleurs-guadeloupe.com\/wp-content\/uploads\/2024\/04\/carteGooglemilfleurs.png",1285,588,false],"thumbnail":["https:\/\/fleurs-guadeloupe.com\/wp-content\/uploads\/2024\/04\/carteGooglemilfleurs-150x150.png",150,150,true],"medium":["https:\/\/fleurs-guadeloupe.com\/wp-content\/uploads\/2024\/04\/carteGooglemilfleurs-300x137.png",300,137,true],"medium_large":["https:\/\/fleurs-guadeloupe.com\/wp-content\/uploads\/2024\/04\/carteGooglemilfleurs-768x351.png",768,351,true],"large":["https:\/\/fleurs-guadeloupe.com\/wp-content\/uploads\/2024\/04\/carteGooglemilfleurs-1024x469.png",800,366,true],"1536x1536":["https:\/\/fleurs-guadeloupe.com\/wp-content\/uploads\/2024\/04\/carteGooglemilfleurs.png",1285,588,false],"2048x2048":["https:\/\/fleurs-guadeloupe.com\/wp-content\/uploads\/2024\/04\/carteGooglemilfleurs.png",1285,588,false],"magikCreta-article-home-large":["https:\/\/fleurs-guadeloupe.com\/wp-content\/uploads\/2024\/04\/carteGooglemilfleurs-1140x450.png",1140,450,true],"magikCreta-product-size-large":["https:\/\/fleurs-guadeloupe.com\/wp-content\/uploads\/2024\/04\/carteGooglemilfleurs-277x366.png",277,366,true],"mailpoet_newsletter_max":["https:\/\/fleurs-guadeloupe.com\/wp-content\/uploads\/2024\/04\/carteGooglemilfleurs.png",1285,588,false],"woocommerce_thumbnail":["https:\/\/fleurs-guadeloupe.com\/wp-content\/uploads\/2024\/04\/carteGooglemilfleurs-300x300.png",300,300,true],"woocommerce_single":["https:\/\/fleurs-guadeloupe.com\/wp-content\/uploads\/2024\/04\/carteGooglemilfleurs-600x275.png",600,275,true],"woocommerce_gallery_thumbnail":["https:\/\/fleurs-guadeloupe.com\/wp-content\/uploads\/2024\/04\/carteGooglemilfleurs-100x100.png",100,100,true],"variation_swatches_image_size":["https:\/\/fleurs-guadeloupe.com\/wp-content\/uploads\/2024\/04\/carteGooglemilfleurs-50x50.png",50,50,true],"variation_swatches_tooltip_size":["https:\/\/fleurs-guadeloupe.com\/wp-content\/uploads\/2024\/04\/carteGooglemilfleurs-100x100.png",100,100,true],"quick_view_image_size":["https:\/\/fleurs-guadeloupe.com\/wp-content\/uploads\/2024\/04\/carteGooglemilfleurs.png",450,206,false],"yith-woocompare-image":["https:\/\/fleurs-guadeloupe.com\/wp-content\/uploads\/2024\/04\/carteGooglemilfleurs-220x154.png",220,154,true]},"uagb_author_info":{"display_name":"admin","author_link":"https:\/\/fleurs-guadeloupe.com\/index.php\/author\/hartaxe_l079fq1x\/"},"uagb_comment_info":0,"uagb_excerpt":"Contactez-Nous Nous sommes tr\u00e8s accessibles et serions ravis de prendre votre commande. N&#8217;h\u00e9sitez pas \u00e0 nous appeler, \u00e0 nous envoyer un e-mail, \u00e0 nous suivre suivre sur les r\u00e9seaux sociaux ou simplement \u00e0 remplir le formulaire de demande. Adresse : 01 Avenue Patrick Saint-\u00e9loiAnciennement Rond Point Miquel97142 ABYMES Appelez-Nous Tel. 0590 85 12 01 Tel.\u2026","jetpack_sharing_enabled":true,"_links":{"self":[{"href":"https:\/\/fleurs-guadeloupe.com\/index.php\/wp-json\/wp\/v2\/pages\/2241","targetHints":{"allow":["GET"]}}],"collection":[{"href":"https:\/\/fleurs-guadeloupe.com\/index.php\/wp-json\/wp\/v2\/pages"}],"about":[{"href":"https:\/\/fleurs-guadeloupe.com\/index.php\/wp-json\/wp\/v2\/types\/page"}],"author":[{"embeddable":true,"href":"https:\/\/fleurs-guadeloupe.com\/index.php\/wp-json\/wp\/v2\/users\/1"}],"replies":[{"embeddable":true,"href":"https:\/\/fleurs-guadeloupe.com\/index.php\/wp-json\/wp\/v2\/comments?post=2241"}],"version-history":[{"count":48,"href":"https:\/\/fleurs-guadeloupe.com\/index.php\/wp-json\/wp\/v2\/pages\/2241\/revisions"}],"predecessor-version":[{"id":2985,"href":"https:\/\/fleurs-guadeloupe.com\/index.php\/wp-json\/wp\/v2\/pages\/2241\/revisions\/2985"}],"wp:featuredmedia":[{"embeddable":true,"href":"https:\/\/fleurs-guadeloupe.com\/index.php\/wp-json\/wp\/v2\/media\/2775"}],"wp:attachment":[{"href":"https:\/\/fleurs-guadeloupe.com\/index.php\/wp-json\/wp\/v2\/media?parent=2241"}],"curies":[{"name":"wp","href":"https:\/\/api.w.org\/{rel}","templated":true}]}}