{"id":102,"date":"2013-06-07T10:35:51","date_gmt":"2013-06-07T10:35:51","guid":{"rendered":"http:\/\/demo2.woothemes.com\/dummydata\/?post_type=product&#038;p=15"},"modified":"2026-04-15T06:34:31","modified_gmt":"2026-04-15T10:34:31","slug":"glass-vase-of-mix-flowers-for-mother","status":"publish","type":"product","link":"https:\/\/fleurs-guadeloupe.com\/index.php\/produit\/glass-vase-of-mix-flowers-for-mother\/","title":{"rendered":"Gr\u00e2ce &#8211; Raquette \u00e0 dominante tropicale"},"content":{"rendered":"<p>Raquette \u00e0 dominante de fleurs tropicales.<\/p>\n","protected":false},"excerpt":{"rendered":"<p>Raquette comprenant des fleurs tropicales; alpinias blancs, rouges et roses, h\u00e9liconias, chrysanth\u00e8mes, gypsophile et feuillage divers.<\/p>\n","protected":false},"featured_media":2721,"comment_status":"open","ping_status":"closed","template":"","meta":{"om_disable_all_campaigns":false,"_uag_custom_page_level_css":"","_monsterinsights_skip_tracking":false,"_monsterinsights_sitenote_active":false,"_monsterinsights_sitenote_note":"","_monsterinsights_sitenote_category":0,"_uf_show_specific_survey":0,"_uf_disable_surveys":false},"product_brand":[],"product_cat":[22,61,27,28,36,181,69,37,38,45,46,50,52,54],"product_tag":[],"class_list":{"0":"post-102","1":"product","2":"type-product","3":"status-publish","4":"has-post-thumbnail","6":"product_cat-men","7":"product_cat-necklaces-pendants","8":"product_cat-shoes","9":"product_cat-dresses","10":"product_cat-music","11":"product_cat-fleurs-tropicales","12":"product_cat-pins-brooches","13":"product_cat-women","14":"product_cat-jewellery","15":"product_cat-apparel","16":"product_cat-pendants","17":"product_cat-swimwear","18":"product_cat-dresses-apparel","19":"product_cat-bracelets","20":"notblog","22":"first","23":"instock","24":"taxable","25":"shipping-taxable","26":"purchasable","27":"product-type-simple"},"aioseo_notices":[],"uagb_featured_image_src":{"full":["https:\/\/fleurs-guadeloupe.com\/wp-content\/uploads\/2013\/06\/grace-raquette-a-dominante-tropicale-3.png",800,800,false],"thumbnail":["https:\/\/fleurs-guadeloupe.com\/wp-content\/uploads\/2013\/06\/grace-raquette-a-dominante-tropicale-3-150x150.png",150,150,true],"medium":["https:\/\/fleurs-guadeloupe.com\/wp-content\/uploads\/2013\/06\/grace-raquette-a-dominante-tropicale-3-300x300.png",300,300,true],"medium_large":["https:\/\/fleurs-guadeloupe.com\/wp-content\/uploads\/2013\/06\/grace-raquette-a-dominante-tropicale-3-768x768.png",768,768,true],"large":["https:\/\/fleurs-guadeloupe.com\/wp-content\/uploads\/2013\/06\/grace-raquette-a-dominante-tropicale-3.png",800,800,false],"1536x1536":["https:\/\/fleurs-guadeloupe.com\/wp-content\/uploads\/2013\/06\/grace-raquette-a-dominante-tropicale-3.png",800,800,false],"2048x2048":["https:\/\/fleurs-guadeloupe.com\/wp-content\/uploads\/2013\/06\/grace-raquette-a-dominante-tropicale-3.png",800,800,false],"magikCreta-article-home-large":["https:\/\/fleurs-guadeloupe.com\/wp-content\/uploads\/2013\/06\/grace-raquette-a-dominante-tropicale-3-800x450.png",800,450,true],"magikCreta-product-size-large":["https:\/\/fleurs-guadeloupe.com\/wp-content\/uploads\/2013\/06\/grace-raquette-a-dominante-tropicale-3-277x366.png",277,366,true],"mailpoet_newsletter_max":["https:\/\/fleurs-guadeloupe.com\/wp-content\/uploads\/2013\/06\/grace-raquette-a-dominante-tropicale-3.png",800,800,false],"woocommerce_thumbnail":["https:\/\/fleurs-guadeloupe.com\/wp-content\/uploads\/2013\/06\/grace-raquette-a-dominante-tropicale-3-300x300.png",300,300,true],"woocommerce_single":["https:\/\/fleurs-guadeloupe.com\/wp-content\/uploads\/2013\/06\/grace-raquette-a-dominante-tropicale-3-600x600.png",600,600,true],"woocommerce_gallery_thumbnail":["https:\/\/fleurs-guadeloupe.com\/wp-content\/uploads\/2013\/06\/grace-raquette-a-dominante-tropicale-3-100x100.png",100,100,true],"variation_swatches_image_size":["https:\/\/fleurs-guadeloupe.com\/wp-content\/uploads\/2013\/06\/grace-raquette-a-dominante-tropicale-3-50x50.png",50,50,true],"variation_swatches_tooltip_size":["https:\/\/fleurs-guadeloupe.com\/wp-content\/uploads\/2013\/06\/grace-raquette-a-dominante-tropicale-3-100x100.png",100,100,true],"quick_view_image_size":["https:\/\/fleurs-guadeloupe.com\/wp-content\/uploads\/2013\/06\/grace-raquette-a-dominante-tropicale-3.png",450,450,false],"yith-woocompare-image":["https:\/\/fleurs-guadeloupe.com\/wp-content\/uploads\/2013\/06\/grace-raquette-a-dominante-tropicale-3-220x154.png",220,154,true]},"uagb_author_info":{"display_name":"admin","author_link":"https:\/\/fleurs-guadeloupe.com\/index.php\/author\/"},"uagb_comment_info":83,"uagb_excerpt":"Raquette comprenant des fleurs tropicales; alpinias blancs, rouges et roses, h\u00e9liconias, chrysanth\u00e8mes, gypsophile et feuillage divers.","jetpack_sharing_enabled":true,"_links":{"self":[{"href":"https:\/\/fleurs-guadeloupe.com\/index.php\/wp-json\/wp\/v2\/product\/102","targetHints":{"allow":["GET"]}}],"collection":[{"href":"https:\/\/fleurs-guadeloupe.com\/index.php\/wp-json\/wp\/v2\/product"}],"about":[{"href":"https:\/\/fleurs-guadeloupe.com\/index.php\/wp-json\/wp\/v2\/types\/product"}],"replies":[{"embeddable":true,"href":"https:\/\/fleurs-guadeloupe.com\/index.php\/wp-json\/wp\/v2\/comments?post=102"}],"wp:featuredmedia":[{"embeddable":true,"href":"https:\/\/fleurs-guadeloupe.com\/index.php\/wp-json\/wp\/v2\/media\/2721"}],"wp:attachment":[{"href":"https:\/\/fleurs-guadeloupe.com\/index.php\/wp-json\/wp\/v2\/media?parent=102"}],"wp:term":[{"taxonomy":"product_brand","embeddable":true,"href":"https:\/\/fleurs-guadeloupe.com\/index.php\/wp-json\/wp\/v2\/product_brand?post=102"},{"taxonomy":"product_cat","embeddable":true,"href":"https:\/\/fleurs-guadeloupe.com\/index.php\/wp-json\/wp\/v2\/product_cat?post=102"},{"taxonomy":"product_tag","embeddable":true,"href":"https:\/\/fleurs-guadeloupe.com\/index.php\/wp-json\/wp\/v2\/product_tag?post=102"}],"curies":[{"name":"wp","href":"https:\/\/api.w.org\/{rel}","templated":true}]}}