{"id":2513,"date":"2021-07-27T20:43:48","date_gmt":"2021-07-27T20:43:48","guid":{"rendered":"https:\/\/fleurs-guadeloupe.com\/index.php\/produit\/serenite-couronne\/"},"modified":"2021-07-27T20:43:48","modified_gmt":"2021-07-27T20:43:48","slug":"serenite-couronne","status":"publish","type":"product","link":"https:\/\/fleurs-guadeloupe.com\/index.php\/produit\/serenite-couronne\/","title":{"rendered":"S\u00e9r\u00e9nit\u00e9 &#8211; Couronne"},"content":{"rendered":"<p>Diam&egrave;tre environ de 80 cm.<\/p>\n<p>Compos&eacute;e de roses, de spiders, d&#8217;oeillets et de chrysanth&egrave;mes, les couleurs chatoyantes apportent une note d&#8217;esp&eacute;rance.<\/p>\n","protected":false},"excerpt":{"rendered":"<p>Assez imposante, la couronne mortuaire se distingue nettement des autres &eacute;l&eacute;ments de deuil.<\/p>\n","protected":false},"featured_media":2670,"comment_status":"open","ping_status":"closed","template":"","meta":{"om_disable_all_campaigns":false,"_uag_custom_page_level_css":"","_monsterinsights_skip_tracking":false,"_monsterinsights_sitenote_active":false,"_monsterinsights_sitenote_note":"","_monsterinsights_sitenote_category":0,"_uf_show_specific_survey":0,"_uf_disable_surveys":false},"product_brand":[],"product_cat":[85,88,83],"product_tag":[122,120,112,94,121,124,115,118,126,123,125,119],"class_list":{"0":"post-2513","1":"product","2":"type-product","3":"status-publish","4":"has-post-thumbnail","6":"product_cat-deuils","7":"product_cat-deuils-nos-fleurs","8":"product_cat-home","9":"product_tag-bd-desbranches","10":"product_tag-biras","11":"product_tag-couronne","12":"product_tag-deuil","13":"product_tag-dorocant","14":"product_tag-eglise","15":"product_tag-enterrement","16":"product_tag-gerbe","17":"product_tag-mosquee","18":"product_tag-pompes-funebres","19":"product_tag-synagogue","20":"product_tag-veillee-funebre","21":"notblog","23":"first","24":"instock","25":"taxable","26":"shipping-taxable","27":"purchasable","28":"product-type-simple"},"aioseo_notices":[],"uagb_featured_image_src":{"full":["https:\/\/fleurs-guadeloupe.com\/wp-content\/uploads\/2021\/07\/308-thickbox_default-Serenite-Couronne80896_nobg.png",800,800,false],"thumbnail":["https:\/\/fleurs-guadeloupe.com\/wp-content\/uploads\/2021\/07\/308-thickbox_default-Serenite-Couronne80896_nobg-150x150.png",150,150,true],"medium":["https:\/\/fleurs-guadeloupe.com\/wp-content\/uploads\/2021\/07\/308-thickbox_default-Serenite-Couronne80896_nobg-300x300.png",300,300,true],"medium_large":["https:\/\/fleurs-guadeloupe.com\/wp-content\/uploads\/2021\/07\/308-thickbox_default-Serenite-Couronne80896_nobg-768x768.png",768,768,true],"large":["https:\/\/fleurs-guadeloupe.com\/wp-content\/uploads\/2021\/07\/308-thickbox_default-Serenite-Couronne80896_nobg.png",800,800,false],"1536x1536":["https:\/\/fleurs-guadeloupe.com\/wp-content\/uploads\/2021\/07\/308-thickbox_default-Serenite-Couronne80896_nobg.png",800,800,false],"2048x2048":["https:\/\/fleurs-guadeloupe.com\/wp-content\/uploads\/2021\/07\/308-thickbox_default-Serenite-Couronne80896_nobg.png",800,800,false],"magikCreta-article-home-large":["https:\/\/fleurs-guadeloupe.com\/wp-content\/uploads\/2021\/07\/308-thickbox_default-Serenite-Couronne80896_nobg-800x450.png",800,450,true],"magikCreta-product-size-large":["https:\/\/fleurs-guadeloupe.com\/wp-content\/uploads\/2021\/07\/308-thickbox_default-Serenite-Couronne80896_nobg-277x366.png",277,366,true],"mailpoet_newsletter_max":["https:\/\/fleurs-guadeloupe.com\/wp-content\/uploads\/2021\/07\/308-thickbox_default-Serenite-Couronne80896_nobg.png",800,800,false],"woocommerce_thumbnail":["https:\/\/fleurs-guadeloupe.com\/wp-content\/uploads\/2021\/07\/308-thickbox_default-Serenite-Couronne80896_nobg-300x300.png",300,300,true],"woocommerce_single":["https:\/\/fleurs-guadeloupe.com\/wp-content\/uploads\/2021\/07\/308-thickbox_default-Serenite-Couronne80896_nobg-600x600.png",600,600,true],"woocommerce_gallery_thumbnail":["https:\/\/fleurs-guadeloupe.com\/wp-content\/uploads\/2021\/07\/308-thickbox_default-Serenite-Couronne80896_nobg-100x100.png",100,100,true],"variation_swatches_image_size":["https:\/\/fleurs-guadeloupe.com\/wp-content\/uploads\/2021\/07\/308-thickbox_default-Serenite-Couronne80896_nobg-50x50.png",50,50,true],"variation_swatches_tooltip_size":["https:\/\/fleurs-guadeloupe.com\/wp-content\/uploads\/2021\/07\/308-thickbox_default-Serenite-Couronne80896_nobg-100x100.png",100,100,true],"quick_view_image_size":["https:\/\/fleurs-guadeloupe.com\/wp-content\/uploads\/2021\/07\/308-thickbox_default-Serenite-Couronne80896_nobg.png",450,450,false],"yith-woocompare-image":["https:\/\/fleurs-guadeloupe.com\/wp-content\/uploads\/2021\/07\/308-thickbox_default-Serenite-Couronne80896_nobg-220x154.png",220,154,true]},"uagb_author_info":{"display_name":"admin","author_link":"https:\/\/fleurs-guadeloupe.com\/index.php\/author\/"},"uagb_comment_info":0,"uagb_excerpt":"Assez imposante, la couronne mortuaire se distingue nettement des autres &eacute;l&eacute;ments de deuil.","jetpack_sharing_enabled":true,"_links":{"self":[{"href":"https:\/\/fleurs-guadeloupe.com\/index.php\/wp-json\/wp\/v2\/product\/2513","targetHints":{"allow":["GET"]}}],"collection":[{"href":"https:\/\/fleurs-guadeloupe.com\/index.php\/wp-json\/wp\/v2\/product"}],"about":[{"href":"https:\/\/fleurs-guadeloupe.com\/index.php\/wp-json\/wp\/v2\/types\/product"}],"replies":[{"embeddable":true,"href":"https:\/\/fleurs-guadeloupe.com\/index.php\/wp-json\/wp\/v2\/comments?post=2513"}],"wp:featuredmedia":[{"embeddable":true,"href":"https:\/\/fleurs-guadeloupe.com\/index.php\/wp-json\/wp\/v2\/media\/2670"}],"wp:attachment":[{"href":"https:\/\/fleurs-guadeloupe.com\/index.php\/wp-json\/wp\/v2\/media?parent=2513"}],"wp:term":[{"taxonomy":"product_brand","embeddable":true,"href":"https:\/\/fleurs-guadeloupe.com\/index.php\/wp-json\/wp\/v2\/product_brand?post=2513"},{"taxonomy":"product_cat","embeddable":true,"href":"https:\/\/fleurs-guadeloupe.com\/index.php\/wp-json\/wp\/v2\/product_cat?post=2513"},{"taxonomy":"product_tag","embeddable":true,"href":"https:\/\/fleurs-guadeloupe.com\/index.php\/wp-json\/wp\/v2\/product_tag?post=2513"}],"curies":[{"name":"wp","href":"https:\/\/api.w.org\/{rel}","templated":true}]}}