{"id":2521,"date":"2021-07-28T20:50:56","date_gmt":"2021-07-28T20:50:56","guid":{"rendered":"https:\/\/fleurs-guadeloupe.com\/index.php\/produit\/uranus-raquette\/"},"modified":"2025-10-24T10:34:50","modified_gmt":"2025-10-24T14:34:50","slug":"uranus-raquette","status":"publish","type":"product","link":"https:\/\/fleurs-guadeloupe.com\/index.php\/produit\/uranus-raquette\/","title":{"rendered":"Uranus &#8211; Raquette"},"content":{"rendered":"<p>D&#8217;une longueur de 70 cm et d&#8217;une hauteur de 50 cm.<\/p>\n<p>Fleurs tropicales diverses: alpinias, h\u00e9liconias, anthuriums<\/p>\n<p>et de fleurs temp\u00e9r\u00e9es: roses, lys, chrysanth\u00e8mes et de feuillage vari\u00e9.<\/p>\n","protected":false},"excerpt":{"rendered":"<p>La raquette mortuaire est la forme la plus fr\u00e9quente. C&#8217;est le produit de base.<\/p>\n<p>Composition \u00e0 dominante de nos fleurs de Guadeloupe.<\/p>\n<p>Agr\u00e9ment\u00e9e de fleurs temp\u00e9r\u00e9es.<\/p>\n","protected":false},"featured_media":2737,"comment_status":"open","ping_status":"closed","template":"","meta":{"om_disable_all_campaigns":false,"_uag_custom_page_level_css":"","_monsterinsights_skip_tracking":false,"_monsterinsights_sitenote_active":false,"_monsterinsights_sitenote_note":"","_monsterinsights_sitenote_category":0,"_uf_show_specific_survey":0,"_uf_disable_surveys":false},"product_brand":[],"product_cat":[85,88,83],"product_tag":[],"class_list":{"0":"post-2521","1":"product","2":"type-product","3":"status-publish","4":"has-post-thumbnail","6":"product_cat-deuils","7":"product_cat-deuils-nos-fleurs","8":"product_cat-home","9":"notblog","11":"first","12":"instock","13":"taxable","14":"shipping-taxable","15":"purchasable","16":"product-type-simple"},"aioseo_notices":[],"uagb_featured_image_src":{"full":["https:\/\/fleurs-guadeloupe.com\/wp-content\/uploads\/2021\/07\/unranus.fw_.png",800,800,false],"thumbnail":["https:\/\/fleurs-guadeloupe.com\/wp-content\/uploads\/2021\/07\/unranus.fw_-150x150.png",150,150,true],"medium":["https:\/\/fleurs-guadeloupe.com\/wp-content\/uploads\/2021\/07\/unranus.fw_-300x300.png",300,300,true],"medium_large":["https:\/\/fleurs-guadeloupe.com\/wp-content\/uploads\/2021\/07\/unranus.fw_-768x768.png",768,768,true],"large":["https:\/\/fleurs-guadeloupe.com\/wp-content\/uploads\/2021\/07\/unranus.fw_.png",800,800,false],"1536x1536":["https:\/\/fleurs-guadeloupe.com\/wp-content\/uploads\/2021\/07\/unranus.fw_.png",800,800,false],"2048x2048":["https:\/\/fleurs-guadeloupe.com\/wp-content\/uploads\/2021\/07\/unranus.fw_.png",800,800,false],"magikCreta-article-home-large":["https:\/\/fleurs-guadeloupe.com\/wp-content\/uploads\/2021\/07\/unranus.fw_-800x450.png",800,450,true],"magikCreta-product-size-large":["https:\/\/fleurs-guadeloupe.com\/wp-content\/uploads\/2021\/07\/unranus.fw_-277x366.png",277,366,true],"mailpoet_newsletter_max":["https:\/\/fleurs-guadeloupe.com\/wp-content\/uploads\/2021\/07\/unranus.fw_.png",800,800,false],"woocommerce_thumbnail":["https:\/\/fleurs-guadeloupe.com\/wp-content\/uploads\/2021\/07\/unranus.fw_-300x300.png",300,300,true],"woocommerce_single":["https:\/\/fleurs-guadeloupe.com\/wp-content\/uploads\/2021\/07\/unranus.fw_-600x600.png",600,600,true],"woocommerce_gallery_thumbnail":["https:\/\/fleurs-guadeloupe.com\/wp-content\/uploads\/2021\/07\/unranus.fw_-100x100.png",100,100,true],"variation_swatches_image_size":["https:\/\/fleurs-guadeloupe.com\/wp-content\/uploads\/2021\/07\/unranus.fw_-50x50.png",50,50,true],"variation_swatches_tooltip_size":["https:\/\/fleurs-guadeloupe.com\/wp-content\/uploads\/2021\/07\/unranus.fw_-100x100.png",100,100,true],"quick_view_image_size":["https:\/\/fleurs-guadeloupe.com\/wp-content\/uploads\/2021\/07\/unranus.fw_.png",450,450,false],"yith-woocompare-image":["https:\/\/fleurs-guadeloupe.com\/wp-content\/uploads\/2021\/07\/unranus.fw_-220x154.png",220,154,true]},"uagb_author_info":{"display_name":"admin","author_link":"https:\/\/fleurs-guadeloupe.com\/index.php\/author\/"},"uagb_comment_info":1,"uagb_excerpt":"La raquette mortuaire est la forme la plus fr\u00e9quente. C'est le produit de base. Composition \u00e0 dominante de nos fleurs de Guadeloupe. Agr\u00e9ment\u00e9e de fleurs temp\u00e9r\u00e9es.","jetpack_sharing_enabled":true,"_links":{"self":[{"href":"https:\/\/fleurs-guadeloupe.com\/index.php\/wp-json\/wp\/v2\/product\/2521","targetHints":{"allow":["GET"]}}],"collection":[{"href":"https:\/\/fleurs-guadeloupe.com\/index.php\/wp-json\/wp\/v2\/product"}],"about":[{"href":"https:\/\/fleurs-guadeloupe.com\/index.php\/wp-json\/wp\/v2\/types\/product"}],"replies":[{"embeddable":true,"href":"https:\/\/fleurs-guadeloupe.com\/index.php\/wp-json\/wp\/v2\/comments?post=2521"}],"wp:featuredmedia":[{"embeddable":true,"href":"https:\/\/fleurs-guadeloupe.com\/index.php\/wp-json\/wp\/v2\/media\/2737"}],"wp:attachment":[{"href":"https:\/\/fleurs-guadeloupe.com\/index.php\/wp-json\/wp\/v2\/media?parent=2521"}],"wp:term":[{"taxonomy":"product_brand","embeddable":true,"href":"https:\/\/fleurs-guadeloupe.com\/index.php\/wp-json\/wp\/v2\/product_brand?post=2521"},{"taxonomy":"product_cat","embeddable":true,"href":"https:\/\/fleurs-guadeloupe.com\/index.php\/wp-json\/wp\/v2\/product_cat?post=2521"},{"taxonomy":"product_tag","embeddable":true,"href":"https:\/\/fleurs-guadeloupe.com\/index.php\/wp-json\/wp\/v2\/product_tag?post=2521"}],"curies":[{"name":"wp","href":"https:\/\/api.w.org\/{rel}","templated":true}]}}