{"id":2533,"date":"2021-08-09T23:24:02","date_gmt":"2021-08-09T23:24:02","guid":{"rendered":"https:\/\/fleurs-guadeloupe.com\/index.php\/produit\/tendresse-raquette\/"},"modified":"2025-11-26T11:44:50","modified_gmt":"2025-11-26T15:44:50","slug":"tendresse-raquette","status":"publish","type":"product","link":"https:\/\/fleurs-guadeloupe.com\/index.php\/produit\/tendresse-raquette\/","title":{"rendered":"Immacul\u00e9e &#8211; Raquette"},"content":{"rendered":"<p>Raquette compos\u00e9e enti\u00e8rement de fleurs blanches; de lys, de roses, de spiders, d&#8217;autres chrysanth\u00e8mes et de feuillage vari\u00e9.<\/p>\n","protected":false},"excerpt":{"rendered":"<p>Raquette dans une barre de mousse florale<\/p>\n","protected":false},"featured_media":2728,"comment_status":"open","ping_status":"closed","template":"","meta":{"om_disable_all_campaigns":false,"_uag_custom_page_level_css":"","_monsterinsights_skip_tracking":false,"_monsterinsights_sitenote_active":false,"_monsterinsights_sitenote_note":"","_monsterinsights_sitenote_category":0,"_uf_show_specific_survey":0,"_uf_disable_surveys":false},"product_brand":[],"product_cat":[85,83],"product_tag":[],"class_list":{"0":"post-2533","1":"product","2":"type-product","3":"status-publish","4":"has-post-thumbnail","6":"product_cat-deuils","7":"product_cat-home","8":"notblog","10":"first","11":"instock","12":"taxable","13":"shipping-taxable","14":"purchasable","15":"product-type-simple"},"aioseo_notices":[],"uagb_featured_image_src":{"full":["https:\/\/fleurs-guadeloupe.com\/wp-content\/uploads\/2021\/08\/tendresse-raquette-4.png",800,800,false],"thumbnail":["https:\/\/fleurs-guadeloupe.com\/wp-content\/uploads\/2021\/08\/tendresse-raquette-4-150x150.png",150,150,true],"medium":["https:\/\/fleurs-guadeloupe.com\/wp-content\/uploads\/2021\/08\/tendresse-raquette-4-300x300.png",300,300,true],"medium_large":["https:\/\/fleurs-guadeloupe.com\/wp-content\/uploads\/2021\/08\/tendresse-raquette-4-768x768.png",768,768,true],"large":["https:\/\/fleurs-guadeloupe.com\/wp-content\/uploads\/2021\/08\/tendresse-raquette-4.png",800,800,false],"1536x1536":["https:\/\/fleurs-guadeloupe.com\/wp-content\/uploads\/2021\/08\/tendresse-raquette-4.png",800,800,false],"2048x2048":["https:\/\/fleurs-guadeloupe.com\/wp-content\/uploads\/2021\/08\/tendresse-raquette-4.png",800,800,false],"magikCreta-article-home-large":["https:\/\/fleurs-guadeloupe.com\/wp-content\/uploads\/2021\/08\/tendresse-raquette-4-800x450.png",800,450,true],"magikCreta-product-size-large":["https:\/\/fleurs-guadeloupe.com\/wp-content\/uploads\/2021\/08\/tendresse-raquette-4-277x366.png",277,366,true],"mailpoet_newsletter_max":["https:\/\/fleurs-guadeloupe.com\/wp-content\/uploads\/2021\/08\/tendresse-raquette-4.png",800,800,false],"woocommerce_thumbnail":["https:\/\/fleurs-guadeloupe.com\/wp-content\/uploads\/2021\/08\/tendresse-raquette-4-300x300.png",300,300,true],"woocommerce_single":["https:\/\/fleurs-guadeloupe.com\/wp-content\/uploads\/2021\/08\/tendresse-raquette-4-600x600.png",600,600,true],"woocommerce_gallery_thumbnail":["https:\/\/fleurs-guadeloupe.com\/wp-content\/uploads\/2021\/08\/tendresse-raquette-4-100x100.png",100,100,true],"variation_swatches_image_size":["https:\/\/fleurs-guadeloupe.com\/wp-content\/uploads\/2021\/08\/tendresse-raquette-4-50x50.png",50,50,true],"variation_swatches_tooltip_size":["https:\/\/fleurs-guadeloupe.com\/wp-content\/uploads\/2021\/08\/tendresse-raquette-4-100x100.png",100,100,true],"quick_view_image_size":["https:\/\/fleurs-guadeloupe.com\/wp-content\/uploads\/2021\/08\/tendresse-raquette-4.png",450,450,false],"yith-woocompare-image":["https:\/\/fleurs-guadeloupe.com\/wp-content\/uploads\/2021\/08\/tendresse-raquette-4-220x154.png",220,154,true]},"uagb_author_info":{"display_name":"admin","author_link":"https:\/\/fleurs-guadeloupe.com\/index.php\/author\/"},"uagb_comment_info":0,"uagb_excerpt":"Raquette dans une barre de mousse florale","jetpack_sharing_enabled":true,"_links":{"self":[{"href":"https:\/\/fleurs-guadeloupe.com\/index.php\/wp-json\/wp\/v2\/product\/2533","targetHints":{"allow":["GET"]}}],"collection":[{"href":"https:\/\/fleurs-guadeloupe.com\/index.php\/wp-json\/wp\/v2\/product"}],"about":[{"href":"https:\/\/fleurs-guadeloupe.com\/index.php\/wp-json\/wp\/v2\/types\/product"}],"replies":[{"embeddable":true,"href":"https:\/\/fleurs-guadeloupe.com\/index.php\/wp-json\/wp\/v2\/comments?post=2533"}],"wp:featuredmedia":[{"embeddable":true,"href":"https:\/\/fleurs-guadeloupe.com\/index.php\/wp-json\/wp\/v2\/media\/2728"}],"wp:attachment":[{"href":"https:\/\/fleurs-guadeloupe.com\/index.php\/wp-json\/wp\/v2\/media?parent=2533"}],"wp:term":[{"taxonomy":"product_brand","embeddable":true,"href":"https:\/\/fleurs-guadeloupe.com\/index.php\/wp-json\/wp\/v2\/product_brand?post=2533"},{"taxonomy":"product_cat","embeddable":true,"href":"https:\/\/fleurs-guadeloupe.com\/index.php\/wp-json\/wp\/v2\/product_cat?post=2533"},{"taxonomy":"product_tag","embeddable":true,"href":"https:\/\/fleurs-guadeloupe.com\/index.php\/wp-json\/wp\/v2\/product_tag?post=2533"}],"curies":[{"name":"wp","href":"https:\/\/api.w.org\/{rel}","templated":true}]}}