{"id":2535,"date":"2021-08-09T23:58:43","date_gmt":"2021-08-09T23:58:43","guid":{"rendered":"https:\/\/fleurs-guadeloupe.com\/index.php\/produit\/condoleances-gerbe-piquee\/"},"modified":"2024-09-12T10:31:36","modified_gmt":"2024-09-12T14:31:36","slug":"condoleances-gerbe-piquee","status":"publish","type":"product","link":"https:\/\/fleurs-guadeloupe.com\/index.php\/produit\/condoleances-gerbe-piquee\/","title":{"rendered":"Condol\u00e9ances &#8211; Gerbe piqu\u00e9e"},"content":{"rendered":"<p>Gerbe piqu\u00e9e comprenant des fleurs tropicales; anthurium, alpinias, h\u00e9liconias<\/p>\n<p>et des fleurs temp\u00e9r\u00e9es; roses, spider, gypsophile<\/p>\n<p>et feuillage divers.<\/p>\n","protected":false},"excerpt":{"rendered":"<p>Gerbe piqu\u00e9e<\/p>\n","protected":false},"featured_media":2709,"comment_status":"open","ping_status":"closed","template":"","meta":{"om_disable_all_campaigns":false,"_uag_custom_page_level_css":"","_monsterinsights_skip_tracking":false,"_monsterinsights_sitenote_active":false,"_monsterinsights_sitenote_note":"","_monsterinsights_sitenote_category":0,"_uf_show_specific_survey":0,"_uf_disable_surveys":false},"product_brand":[],"product_cat":[85],"product_tag":[156,141,112,94,115,118,155,157,158],"class_list":{"0":"post-2535","1":"product","2":"type-product","3":"status-publish","4":"has-post-thumbnail","6":"product_cat-deuils","7":"product_tag-anthurium","8":"product_tag-ceremonie","9":"product_tag-couronne","10":"product_tag-deuil","11":"product_tag-enterrement","12":"product_tag-gerbe","13":"product_tag-gerbe-piquee","14":"product_tag-hybride","15":"product_tag-incineration","16":"notblog","18":"first","19":"instock","20":"taxable","21":"shipping-taxable","22":"purchasable","23":"product-type-simple"},"aioseo_notices":[],"uagb_featured_image_src":{"full":["https:\/\/fleurs-guadeloupe.com\/wp-content\/uploads\/2021\/08\/condoleances-gerbe-piquee.png",800,800,false],"thumbnail":["https:\/\/fleurs-guadeloupe.com\/wp-content\/uploads\/2021\/08\/condoleances-gerbe-piquee-150x150.png",150,150,true],"medium":["https:\/\/fleurs-guadeloupe.com\/wp-content\/uploads\/2021\/08\/condoleances-gerbe-piquee-300x300.png",300,300,true],"medium_large":["https:\/\/fleurs-guadeloupe.com\/wp-content\/uploads\/2021\/08\/condoleances-gerbe-piquee-768x768.png",768,768,true],"large":["https:\/\/fleurs-guadeloupe.com\/wp-content\/uploads\/2021\/08\/condoleances-gerbe-piquee.png",800,800,false],"1536x1536":["https:\/\/fleurs-guadeloupe.com\/wp-content\/uploads\/2021\/08\/condoleances-gerbe-piquee.png",800,800,false],"2048x2048":["https:\/\/fleurs-guadeloupe.com\/wp-content\/uploads\/2021\/08\/condoleances-gerbe-piquee.png",800,800,false],"magikCreta-article-home-large":["https:\/\/fleurs-guadeloupe.com\/wp-content\/uploads\/2021\/08\/condoleances-gerbe-piquee-800x450.png",800,450,true],"magikCreta-product-size-large":["https:\/\/fleurs-guadeloupe.com\/wp-content\/uploads\/2021\/08\/condoleances-gerbe-piquee-277x366.png",277,366,true],"mailpoet_newsletter_max":["https:\/\/fleurs-guadeloupe.com\/wp-content\/uploads\/2021\/08\/condoleances-gerbe-piquee.png",800,800,false],"woocommerce_thumbnail":["https:\/\/fleurs-guadeloupe.com\/wp-content\/uploads\/2021\/08\/condoleances-gerbe-piquee-300x300.png",300,300,true],"woocommerce_single":["https:\/\/fleurs-guadeloupe.com\/wp-content\/uploads\/2021\/08\/condoleances-gerbe-piquee-600x600.png",600,600,true],"woocommerce_gallery_thumbnail":["https:\/\/fleurs-guadeloupe.com\/wp-content\/uploads\/2021\/08\/condoleances-gerbe-piquee-100x100.png",100,100,true],"variation_swatches_image_size":["https:\/\/fleurs-guadeloupe.com\/wp-content\/uploads\/2021\/08\/condoleances-gerbe-piquee-50x50.png",50,50,true],"variation_swatches_tooltip_size":["https:\/\/fleurs-guadeloupe.com\/wp-content\/uploads\/2021\/08\/condoleances-gerbe-piquee-100x100.png",100,100,true],"quick_view_image_size":["https:\/\/fleurs-guadeloupe.com\/wp-content\/uploads\/2021\/08\/condoleances-gerbe-piquee.png",450,450,false],"yith-woocompare-image":["https:\/\/fleurs-guadeloupe.com\/wp-content\/uploads\/2021\/08\/condoleances-gerbe-piquee-220x154.png",220,154,true]},"uagb_author_info":{"display_name":"admin","author_link":"https:\/\/fleurs-guadeloupe.com\/index.php\/author\/"},"uagb_comment_info":0,"uagb_excerpt":"Gerbe piqu\u00e9e","jetpack_sharing_enabled":true,"_links":{"self":[{"href":"https:\/\/fleurs-guadeloupe.com\/index.php\/wp-json\/wp\/v2\/product\/2535","targetHints":{"allow":["GET"]}}],"collection":[{"href":"https:\/\/fleurs-guadeloupe.com\/index.php\/wp-json\/wp\/v2\/product"}],"about":[{"href":"https:\/\/fleurs-guadeloupe.com\/index.php\/wp-json\/wp\/v2\/types\/product"}],"replies":[{"embeddable":true,"href":"https:\/\/fleurs-guadeloupe.com\/index.php\/wp-json\/wp\/v2\/comments?post=2535"}],"wp:featuredmedia":[{"embeddable":true,"href":"https:\/\/fleurs-guadeloupe.com\/index.php\/wp-json\/wp\/v2\/media\/2709"}],"wp:attachment":[{"href":"https:\/\/fleurs-guadeloupe.com\/index.php\/wp-json\/wp\/v2\/media?parent=2535"}],"wp:term":[{"taxonomy":"product_brand","embeddable":true,"href":"https:\/\/fleurs-guadeloupe.com\/index.php\/wp-json\/wp\/v2\/product_brand?post=2535"},{"taxonomy":"product_cat","embeddable":true,"href":"https:\/\/fleurs-guadeloupe.com\/index.php\/wp-json\/wp\/v2\/product_cat?post=2535"},{"taxonomy":"product_tag","embeddable":true,"href":"https:\/\/fleurs-guadeloupe.com\/index.php\/wp-json\/wp\/v2\/product_tag?post=2535"}],"curies":[{"name":"wp","href":"https:\/\/api.w.org\/{rel}","templated":true}]}}