{"id":2551,"date":"2021-08-19T20:20:44","date_gmt":"2021-08-19T20:20:44","guid":{"rendered":"https:\/\/fleurs-guadeloupe.com\/index.php\/produit\/in-memorium-raquette\/"},"modified":"2025-09-01T03:48:08","modified_gmt":"2025-09-01T07:48:08","slug":"in-memorium-raquette","status":"publish","type":"product","link":"https:\/\/fleurs-guadeloupe.com\/index.php\/produit\/in-memorium-raquette\/","title":{"rendered":"In memorium &#8211; Raquette"},"content":{"rendered":"<p>Raquette mixte color\u00e9e<\/p>\n","protected":false},"excerpt":{"rendered":"<div class=\"rte\">\n<p>Raquette compos\u00e9e de fleurs tropicales; alpinias rouges et roses, h\u00e9liconias&#8230;<\/p>\n<p>et de fleurs temp\u00e9r\u00e9es; lys, roses gros boutons, gerberas, chrysanth\u00e8mes vari\u00e9s, gypsophile et de feuillage vari\u00e9.<\/p>\n<\/div>\n","protected":false},"featured_media":2632,"comment_status":"open","ping_status":"closed","template":"","meta":{"om_disable_all_campaigns":false,"_uag_custom_page_level_css":"","_monsterinsights_skip_tracking":false,"_monsterinsights_sitenote_active":false,"_monsterinsights_sitenote_note":"","_monsterinsights_sitenote_category":0,"_uf_show_specific_survey":0,"_uf_disable_surveys":false},"product_brand":[],"product_cat":[85,88,83],"product_tag":[103,136,135,120,112,94,121,118,137,97,173,142,123,148],"class_list":{"0":"post-2551","1":"product","2":"type-product","3":"status-publish","4":"has-post-thumbnail","6":"product_cat-deuils","7":"product_cat-deuils-nos-fleurs","8":"product_cat-home","9":"product_tag-abymes","10":"product_tag-baie-mahault","11":"product_tag-basse-terre","12":"product_tag-biras","13":"product_tag-couronne","14":"product_tag-deuil","15":"product_tag-dorocant","16":"product_tag-gerbe","17":"product_tag-gosier","18":"product_tag-guadeloupe","19":"product_tag-jarry","20":"product_tag-pointe-a-pitre","21":"product_tag-pompes-funebres","22":"product_tag-raquette","23":"notblog","25":"first","26":"instock","27":"taxable","28":"shipping-taxable","29":"purchasable","30":"product-type-simple"},"aioseo_notices":[],"uagb_featured_image_src":{"full":["https:\/\/fleurs-guadeloupe.com\/wp-content\/uploads\/2021\/08\/Mon-projetother-1.png",800,587,false],"thumbnail":["https:\/\/fleurs-guadeloupe.com\/wp-content\/uploads\/2021\/08\/Mon-projetother-1-150x150.png",150,150,true],"medium":["https:\/\/fleurs-guadeloupe.com\/wp-content\/uploads\/2021\/08\/Mon-projetother-1-300x220.png",300,220,true],"medium_large":["https:\/\/fleurs-guadeloupe.com\/wp-content\/uploads\/2021\/08\/Mon-projetother-1-768x564.png",768,564,true],"large":["https:\/\/fleurs-guadeloupe.com\/wp-content\/uploads\/2021\/08\/Mon-projetother-1.png",800,587,false],"1536x1536":["https:\/\/fleurs-guadeloupe.com\/wp-content\/uploads\/2021\/08\/Mon-projetother-1.png",800,587,false],"2048x2048":["https:\/\/fleurs-guadeloupe.com\/wp-content\/uploads\/2021\/08\/Mon-projetother-1.png",800,587,false],"magikCreta-article-home-large":["https:\/\/fleurs-guadeloupe.com\/wp-content\/uploads\/2021\/08\/Mon-projetother-1-800x450.png",800,450,true],"magikCreta-product-size-large":["https:\/\/fleurs-guadeloupe.com\/wp-content\/uploads\/2021\/08\/Mon-projetother-1-277x366.png",277,366,true],"mailpoet_newsletter_max":["https:\/\/fleurs-guadeloupe.com\/wp-content\/uploads\/2021\/08\/Mon-projetother-1.png",800,587,false],"woocommerce_thumbnail":["https:\/\/fleurs-guadeloupe.com\/wp-content\/uploads\/2021\/08\/Mon-projetother-1-300x300.png",300,300,true],"woocommerce_single":["https:\/\/fleurs-guadeloupe.com\/wp-content\/uploads\/2021\/08\/Mon-projetother-1-600x440.png",600,440,true],"woocommerce_gallery_thumbnail":["https:\/\/fleurs-guadeloupe.com\/wp-content\/uploads\/2021\/08\/Mon-projetother-1-100x100.png",100,100,true],"variation_swatches_image_size":["https:\/\/fleurs-guadeloupe.com\/wp-content\/uploads\/2021\/08\/Mon-projetother-1-50x50.png",50,50,true],"variation_swatches_tooltip_size":["https:\/\/fleurs-guadeloupe.com\/wp-content\/uploads\/2021\/08\/Mon-projetother-1-100x100.png",100,100,true],"quick_view_image_size":["https:\/\/fleurs-guadeloupe.com\/wp-content\/uploads\/2021\/08\/Mon-projetother-1.png",450,330,false],"yith-woocompare-image":["https:\/\/fleurs-guadeloupe.com\/wp-content\/uploads\/2021\/08\/Mon-projetother-1-220x154.png",220,154,true]},"uagb_author_info":{"display_name":"admin","author_link":"https:\/\/fleurs-guadeloupe.com\/index.php\/author\/"},"uagb_comment_info":0,"uagb_excerpt":"Raquette compos\u00e9e de fleurs tropicales; alpinias rouges et roses, h\u00e9liconias... et de fleurs temp\u00e9r\u00e9es; lys, roses gros boutons, gerberas, chrysanth\u00e8mes vari\u00e9s, gypsophile et de feuillage vari\u00e9.","jetpack_sharing_enabled":true,"_links":{"self":[{"href":"https:\/\/fleurs-guadeloupe.com\/index.php\/wp-json\/wp\/v2\/product\/2551","targetHints":{"allow":["GET"]}}],"collection":[{"href":"https:\/\/fleurs-guadeloupe.com\/index.php\/wp-json\/wp\/v2\/product"}],"about":[{"href":"https:\/\/fleurs-guadeloupe.com\/index.php\/wp-json\/wp\/v2\/types\/product"}],"replies":[{"embeddable":true,"href":"https:\/\/fleurs-guadeloupe.com\/index.php\/wp-json\/wp\/v2\/comments?post=2551"}],"wp:featuredmedia":[{"embeddable":true,"href":"https:\/\/fleurs-guadeloupe.com\/index.php\/wp-json\/wp\/v2\/media\/2632"}],"wp:attachment":[{"href":"https:\/\/fleurs-guadeloupe.com\/index.php\/wp-json\/wp\/v2\/media?parent=2551"}],"wp:term":[{"taxonomy":"product_brand","embeddable":true,"href":"https:\/\/fleurs-guadeloupe.com\/index.php\/wp-json\/wp\/v2\/product_brand?post=2551"},{"taxonomy":"product_cat","embeddable":true,"href":"https:\/\/fleurs-guadeloupe.com\/index.php\/wp-json\/wp\/v2\/product_cat?post=2551"},{"taxonomy":"product_tag","embeddable":true,"href":"https:\/\/fleurs-guadeloupe.com\/index.php\/wp-json\/wp\/v2\/product_tag?post=2551"}],"curies":[{"name":"wp","href":"https:\/\/api.w.org\/{rel}","templated":true}]}}